{"id":195,"date":"2024-03-19T11:09:20","date_gmt":"2024-03-19T02:09:20","guid":{"rendered":"https:\/\/morishita-kanri.jp\/?page_id=195"},"modified":"2024-03-19T12:20:25","modified_gmt":"2024-03-19T03:20:25","slug":"%e3%81%8a%e5%95%8f%e3%81%84%e5%90%88%e3%82%8f%e3%81%9b","status":"publish","type":"page","link":"https:\/\/morishita-kanri.jp\/?page_id=195","title":{"rendered":"\u304a\u554f\u3044\u5408\u308f\u305b"},"content":{"rendered":"<p>\u30fb\u3054\u8a18\u5165\u9802\u3044\u305f\u500b\u4eba\u60c5\u5831\u306f\u3001\u304a\u554f\u3044\u5408\u308f\u305b\u3078\u306e\u56de\u7b54\u306e\u305f\u3081\u306b\u4f7f\u7528\u3055\u305b\u3066\u9802\u304d\u307e\u3059\u3002<br \/>\n\u30fb\u304a\u554f\u3044\u5408\u308f\u305b\u5185\u5bb9\u306b\u3088\u3063\u3066\u306f\u3001\u56de\u7b54\u306b\u304a\u6642\u9593\u3092\u9802\u304f\u5834\u5408\u3084\u3001\u56de\u7b54\u3067\u304d\u306a\u3044\u5834\u5408\u304c\u3054\u3056\u3044\u307e\u3059\u3002<br \/>\n\u30fb\u5f53\u793e\u30c9\u30e1\u30a4\u30f3\u300cmorishita-kanri.jp\u300d\u304b\u3089\u306e\u8fd4\u4fe1\u30e1\u30fc\u30eb\u3092\u304a\u53d7\u3051\u53d6\u308a\u3067\u304d\u308b\u3088\u3046\u3001\u53d7\u4fe1\u8a2d\u5b9a\uff08\u8ff7\u60d1\u30e1\u30fc\u30eb\u8a2d\u5b9a\uff09\u7b49\u3092\u304a\u78ba\u304b\u3081\u304f\u3060\u3055\u3044\u3002<br \/>\n\u30fb\u55b6\u696d\u30fb\u30bb\u30fc\u30eb\u30b9\u30fb\u52e7\u8a98\u3092\u76ee\u7684\u3068\u3057\u305f\u5185\u5bb9\u306e\u9001\u4fe1\u306f\u3054\u9060\u616e\u304f\u3060\u3055\u3044\u307e\u3059\u3088\u3046\u304a\u9858\u3044\u3044\u305f\u3057\u307e\u3059\u3002<br \/>\n\n<div class=\"wpcf7 no-js\" id=\"wpcf7-f87-o1\" lang=\"ja\" dir=\"ltr\" data-wpcf7-id=\"87\">\n<div class=\"screen-reader-response\"><p role=\"status\" aria-live=\"polite\" aria-atomic=\"true\"><\/p> <ul><\/ul><\/div>\n<form action=\"\/index.php?rest_route=%2Fwp%2Fv2%2Fpages%2F195#wpcf7-f87-o1\" method=\"post\" class=\"wpcf7-form init\" aria-label=\"\u30b3\u30f3\u30bf\u30af\u30c8\u30d5\u30a9\u30fc\u30e0\" novalidate=\"novalidate\" data-status=\"init\">\n<fieldset class=\"hidden-fields-container\"><input type=\"hidden\" name=\"_wpcf7\" value=\"87\" \/><input type=\"hidden\" name=\"_wpcf7_version\" value=\"6.1.5\" \/><input type=\"hidden\" name=\"_wpcf7_locale\" value=\"ja\" \/><input type=\"hidden\" name=\"_wpcf7_unit_tag\" value=\"wpcf7-f87-o1\" \/><input type=\"hidden\" name=\"_wpcf7_container_post\" value=\"0\" \/><input type=\"hidden\" name=\"_wpcf7_posted_data_hash\" value=\"\" \/><input type=\"hidden\" name=\"_wpcf7_recaptcha_response\" value=\"\" \/>\n<\/fieldset>\n<table class=\"table table-bordered table-striped table-contactform7\">\n\t<tr>\n\t\t<th>\n\t\t\t<p><span class=\"required-contactform7\">\u5fc5\u9808<\/span><span class=\"title-contactform7\">\u4f1a\u793e\u540d<\/span>\n\t\t\t<\/p>\n\t\t<\/th>\n\t\t<td>\n\t\t\t<p><span class=\"wpcf7-form-control-wrap\" data-name=\"your-name\"><input size=\"40\" maxlength=\"400\" class=\"wpcf7-form-control wpcf7-text wpcf7-validates-as-required\" aria-required=\"true\" aria-invalid=\"false\" placeholder=\"\u4f8b\uff1a\u68ee\u4e0b\u96fb\u6c17\u7ba1\u7406\u4e8b\u52d9\u6240\" value=\"\" type=\"text\" name=\"your-name\" \/><\/span>\n\t\t\t<\/p>\n\t\t<\/td>\n\t<\/tr>\n\t<tr>\n\t\t<th>\n\t\t\t<p><span class=\"required-contactform7\">\u5fc5\u9808<\/span><span class=\"title-contactform7\">\u62c5\u5f53\u8005\u540d<\/span>\n\t\t\t<\/p>\n\t\t<\/th>\n\t\t<td>\n\t\t\t<p><span class=\"wpcf7-form-control-wrap\" data-name=\"your-name2\"><input size=\"40\" maxlength=\"400\" class=\"wpcf7-form-control wpcf7-text wpcf7-validates-as-required\" aria-required=\"true\" aria-invalid=\"false\" placeholder=\"\u4f8b\uff1a\u96fb\u6c17\u3000\u592a\u90ce\" value=\"\" type=\"text\" name=\"your-name2\" \/><\/span>\n\t\t\t<\/p>\n\t\t<\/td>\n\t<\/tr>\n\t<tr>\n\t<\/tr>\n\t<tr>\n\t\t<th>\n\t\t\t<p><span class=\"required-contactform7\">\u5fc5\u9808<\/span><span class=\"title-contactform7\">\u3054\u4f4f\u6240<\/span>\n\t\t\t<\/p>\n\t\t<\/th>\n\t\t<td class=\"address-100\">\n\t\t\t<p><span class=\"wpcf7-form-control-wrap\" data-name=\"addr\"><input size=\"40\" maxlength=\"400\" class=\"wpcf7-form-control wpcf7-text wpcf7-validates-as-required\" id=\"addr\" aria-required=\"true\" aria-invalid=\"false\" placeholder=\"\u4f8b\uff1a\u3012433-8112\u3000\u9759\u5ca1\u770c\u6d5c\u677e\u5e02\u5317\u533a\u521d\u751f\u753a987\u756a\u5730\u306e6\" value=\"\" type=\"text\" name=\"addr\" \/><\/span>\n\t\t\t<\/p>\n\t\t<\/td>\n\t<\/tr>\n\t<tr>\n\t\t<th>\n\t\t\t<p><span class=\"required-contactform7\">\u5fc5\u9808<\/span><span class=\"title-contactform7\">\u304a\u96fb\u8a71\u756a\u53f7<\/span>\n\t\t\t<\/p>\n\t\t<\/th>\n\t\t<td>\n\t\t\t<p><span class=\"wpcf7-form-control-wrap\" data-name=\"text-17\"><input size=\"40\" maxlength=\"400\" class=\"wpcf7-form-control wpcf7-text wpcf7-validates-as-required\" aria-required=\"true\" aria-invalid=\"false\" placeholder=\"\u4f8b\uff1a053-436-3390\" value=\"\" type=\"text\" name=\"text-17\" \/><\/span>\n\t\t\t<\/p>\n\t\t<\/td>\n\t<\/tr>\n\t<tr>\n\t\t<th>\n\t\t\t<p><span class=\"required-contactform7\">\u5fc5\u9808<\/span><span class=\"title-contactform7\">\u30e1\u30fc\u30eb\u30a2\u30c9\u30ec\u30b9<\/span>\n\t\t\t<\/p>\n\t\t<\/th>\n\t\t<td>\n\t\t\t<p><span class=\"wpcf7-form-control-wrap\" data-name=\"your-email\"><input size=\"40\" maxlength=\"400\" class=\"wpcf7-form-control wpcf7-email wpcf7-validates-as-required wpcf7-text wpcf7-validates-as-email\" aria-required=\"true\" aria-invalid=\"false\" placeholder=\"\u4f8b\uff1a\u00d7\u00d7\u00d7@\u00d7\u00d7\u00d7.com\" value=\"\" type=\"email\" name=\"your-email\" \/><\/span>\n\t\t\t<\/p>\n\t\t<\/td>\n\t<\/tr>\n\t<tr>\n\t\t<th>\n\t\t\t<p><span class=\"required-contactform7\">\u5fc5\u9808<\/span><span class=\"title-contactform7\">\u5185\u5bb9<\/span>\n\t\t\t<\/p>\n\t\t<\/th>\n\t\t<td class=\"message-100\">\n\t\t\t<p><span class=\"wpcf7-form-control-wrap\" data-name=\"your-message\"><textarea cols=\"40\" rows=\"10\" maxlength=\"2000\" class=\"wpcf7-form-control wpcf7-textarea wpcf7-validates-as-required\" aria-required=\"true\" aria-invalid=\"false\" placeholder=\"\u696d\u52d9\u306e\u3053\u3068\u306b\u3064\u3044\u3066\u306a\u3069\" name=\"your-message\"><\/textarea><\/span>\n\t\t\t<\/p>\n\t\t<\/td>\n\t<\/tr>\n<\/table>\n<p>\n\n<\/p>\n<p class=\"text-xs-center\"><input class=\"wpcf7-form-control wpcf7-submit has-spinner btn btn-success btn-lg\" type=\"submit\" value=\"\u9001\u4fe1\u3059\u308b\" \/>\n<\/p><div class=\"wpcf7-response-output\" aria-hidden=\"true\"><\/div>\n<\/form>\n<\/div>\n<\/p>\n","protected":false},"excerpt":{"rendered":"<p>\u30fb\u3054\u8a18\u5165\u9802\u3044\u305f\u500b\u4eba\u60c5\u5831\u306f\u3001\u304a\u554f\u3044\u5408\u308f\u305b\u3078\u306e\u56de\u7b54\u306e\u305f\u3081\u306b\u4f7f\u7528\u3055\u305b\u3066\u9802\u304d\u307e\u3059\u3002 \u30fb\u304a\u554f\u3044\u5408\u308f\u305b\u5185\u5bb9\u306b\u3088\u3063\u3066\u306f\u3001\u56de\u7b54\u306b\u304a\u6642\u9593\u3092\u9802\u304f\u5834\u5408\u3084\u3001\u56de\u7b54\u3067\u304d\u306a\u3044\u5834\u5408\u304c\u3054\u3056\u3044\u307e\u3059\u3002 \u30fb\u5f53\u793e\u30c9\u30e1\u30a4\u30f3\u300cmorishita-kanri.jp\u300d\u304b [&hellip;]<\/p>\n","protected":false},"author":1,"featured_media":0,"parent":0,"menu_order":0,"comment_status":"closed","ping_status":"closed","template":"","meta":{"_exactmetrics_skip_tracking":false,"_exactmetrics_sitenote_active":false,"_exactmetrics_sitenote_note":"","_exactmetrics_sitenote_category":0,"footnotes":""},"class_list":["post-195","page","type-page","status-publish","hentry"],"aioseo_notices":[],"_links":{"self":[{"href":"https:\/\/morishita-kanri.jp\/index.php?rest_route=\/wp\/v2\/pages\/195","targetHints":{"allow":["GET"]}}],"collection":[{"href":"https:\/\/morishita-kanri.jp\/index.php?rest_route=\/wp\/v2\/pages"}],"about":[{"href":"https:\/\/morishita-kanri.jp\/index.php?rest_route=\/wp\/v2\/types\/page"}],"author":[{"embeddable":true,"href":"https:\/\/morishita-kanri.jp\/index.php?rest_route=\/wp\/v2\/users\/1"}],"replies":[{"embeddable":true,"href":"https:\/\/morishita-kanri.jp\/index.php?rest_route=%2Fwp%2Fv2%2Fcomments&post=195"}],"version-history":[{"count":3,"href":"https:\/\/morishita-kanri.jp\/index.php?rest_route=\/wp\/v2\/pages\/195\/revisions"}],"predecessor-version":[{"id":246,"href":"https:\/\/morishita-kanri.jp\/index.php?rest_route=\/wp\/v2\/pages\/195\/revisions\/246"}],"wp:attachment":[{"href":"https:\/\/morishita-kanri.jp\/index.php?rest_route=%2Fwp%2Fv2%2Fmedia&parent=195"}],"curies":[{"name":"wp","href":"https:\/\/api.w.org\/{rel}","templated":true}]}}